{"id":9306,"date":"2026-04-10T16:45:46","date_gmt":"2026-04-10T14:45:46","guid":{"rendered":"https:\/\/fureverbycsanyi.hu\/?post_type=product&#038;p=9306"},"modified":"2026-04-10T16:49:01","modified_gmt":"2026-04-10T14:49:01","slug":"nyul-kulcstarto-sziv-pink","status":"publish","type":"product","link":"https:\/\/fureverbycsanyi.hu\/en\/termek\/nyul-kulcstarto-sziv-pink\/","title":{"rendered":"Ny\u00fal kulcstart\u00f3 sz\u00edv, pink"},"content":{"rendered":"<p>Val\u00f3di ny\u00falsz\u0151rb\u0151l k\u00e9sz\u00fclt, sz\u00edv alak\u00fa kulcstart\u00f3 \u2013 puha, n\u0151ies \u00e9s eleg\u00e1ns kieg\u00e9sz\u00edt\u0151. Egy apr\u00f3 r\u00e9szlet, ami azonnal k\u00fcl\u00f6nlegess\u00e9 teszi a megjelen\u00e9sed.<\/p>","protected":false},"excerpt":{"rendered":"<p>Val\u00f3di ny\u00falsz\u0151rb\u0151l k\u00e9sz\u00fclt, sz\u00edv alak\u00fa kulcstart\u00f3 \u2013 puha, n\u0151ies \u00e9s eleg\u00e1ns kieg\u00e9sz\u00edt\u0151. Egy apr\u00f3 r\u00e9szlet, ami azonnal k\u00fcl\u00f6nlegess\u00e9 teszi a megjelen\u00e9sed.<\/p>","protected":false},"featured_media":9304,"comment_status":"closed","ping_status":"closed","template":"","meta":[],"product_brand":[],"product_cat":[43,301],"product_tag":[],"class_list":{"0":"post-9306","1":"product","2":"type-product","3":"status-publish","4":"has-post-thumbnail","6":"product_cat-kiegeszitok","7":"product_cat-kulcstarto-es-pompon","9":"first","10":"instock","11":"shipping-taxable","12":"purchasable","13":"product-type-variable"},"_links":{"self":[{"href":"https:\/\/fureverbycsanyi.hu\/en\/wp-json\/wp\/v2\/product\/9306","targetHints":{"allow":["GET"]}}],"collection":[{"href":"https:\/\/fureverbycsanyi.hu\/en\/wp-json\/wp\/v2\/product"}],"about":[{"href":"https:\/\/fureverbycsanyi.hu\/en\/wp-json\/wp\/v2\/types\/product"}],"replies":[{"embeddable":true,"href":"https:\/\/fureverbycsanyi.hu\/en\/wp-json\/wp\/v2\/comments?post=9306"}],"wp:featuredmedia":[{"embeddable":true,"href":"https:\/\/fureverbycsanyi.hu\/en\/wp-json\/wp\/v2\/media\/9304"}],"wp:attachment":[{"href":"https:\/\/fureverbycsanyi.hu\/en\/wp-json\/wp\/v2\/media?parent=9306"}],"wp:term":[{"taxonomy":"product_brand","embeddable":true,"href":"https:\/\/fureverbycsanyi.hu\/en\/wp-json\/wp\/v2\/product_brand?post=9306"},{"taxonomy":"product_cat","embeddable":true,"href":"https:\/\/fureverbycsanyi.hu\/en\/wp-json\/wp\/v2\/product_cat?post=9306"},{"taxonomy":"product_tag","embeddable":true,"href":"https:\/\/fureverbycsanyi.hu\/en\/wp-json\/wp\/v2\/product_tag?post=9306"}],"curies":[{"name":"wp","href":"https:\/\/api.w.org\/{rel}","templated":true}]}}