{"id":9293,"date":"2026-04-10T16:07:49","date_gmt":"2026-04-10T14:07:49","guid":{"rendered":"https:\/\/fureverbycsanyi.hu\/?post_type=product&#038;p=9293"},"modified":"2026-04-10T16:13:38","modified_gmt":"2026-04-10T14:13:38","slug":"roka-galler-meregzold","status":"publish","type":"product","link":"https:\/\/fureverbycsanyi.hu\/en\/termek\/roka-galler-meregzold\/","title":{"rendered":"R\u00f3ka gall\u00e9r, m\u00e9regz\u00f6ld"},"content":{"rendered":"<p data-start=\"165\" data-end=\"245\">Id\u0151tlen elegancia, ami egyetlen mozdulattal karaktert ad az eg\u00e9sz megjelen\u00e9snek.<\/p>","protected":false},"excerpt":{"rendered":"<p>Id\u0151tlen elegancia, ami egyetlen mozdulattal karaktert ad az eg\u00e9sz megjelen\u00e9snek.<\/p>","protected":false},"featured_media":9290,"comment_status":"closed","ping_status":"closed","template":"","meta":[],"product_brand":[],"product_cat":[43,94],"product_tag":[],"class_list":{"0":"post-9293","1":"product","2":"type-product","3":"status-publish","4":"has-post-thumbnail","6":"product_cat-kiegeszitok","7":"product_cat-salak-gallerok-stolak","9":"first","10":"instock","11":"shipping-taxable","12":"purchasable","13":"product-type-variable"},"_links":{"self":[{"href":"https:\/\/fureverbycsanyi.hu\/en\/wp-json\/wp\/v2\/product\/9293","targetHints":{"allow":["GET"]}}],"collection":[{"href":"https:\/\/fureverbycsanyi.hu\/en\/wp-json\/wp\/v2\/product"}],"about":[{"href":"https:\/\/fureverbycsanyi.hu\/en\/wp-json\/wp\/v2\/types\/product"}],"replies":[{"embeddable":true,"href":"https:\/\/fureverbycsanyi.hu\/en\/wp-json\/wp\/v2\/comments?post=9293"}],"wp:featuredmedia":[{"embeddable":true,"href":"https:\/\/fureverbycsanyi.hu\/en\/wp-json\/wp\/v2\/media\/9290"}],"wp:attachment":[{"href":"https:\/\/fureverbycsanyi.hu\/en\/wp-json\/wp\/v2\/media?parent=9293"}],"wp:term":[{"taxonomy":"product_brand","embeddable":true,"href":"https:\/\/fureverbycsanyi.hu\/en\/wp-json\/wp\/v2\/product_brand?post=9293"},{"taxonomy":"product_cat","embeddable":true,"href":"https:\/\/fureverbycsanyi.hu\/en\/wp-json\/wp\/v2\/product_cat?post=9293"},{"taxonomy":"product_tag","embeddable":true,"href":"https:\/\/fureverbycsanyi.hu\/en\/wp-json\/wp\/v2\/product_tag?post=9293"}],"curies":[{"name":"wp","href":"https:\/\/api.w.org\/{rel}","templated":true}]}}