{"id":9280,"date":"2026-03-31T18:51:49","date_gmt":"2026-03-31T16:51:49","guid":{"rendered":"https:\/\/fureverbycsanyi.hu\/?post_type=product&#038;p=9280"},"modified":"2026-03-31T18:55:44","modified_gmt":"2026-03-31T16:55:44","slug":"csincsilla-pelerin-sotetkek-one-size","status":"publish","type":"product","link":"https:\/\/fureverbycsanyi.hu\/en\/termek\/csincsilla-pelerin-sotetkek-one-size\/","title":{"rendered":"Csincsilla pelerin, s\u00f6t\u00e9tk\u00e9k, one size"},"content":{"rendered":"<p data-start=\"172\" data-end=\"219\">Letisztult elegancia, a legfinomabb form\u00e1j\u00e1ban. L\u00e1gy es\u00e9se gy\u00f6ny\u00f6r\u0171en keretezi a v\u00e1llakat, \u00e9s term\u00e9szetes m\u00f3don simul a testre \u2013 visel\u00e9se szinte \u00e9szrev\u00e9tlen, m\u00e9gis azonnal kiemeli az eg\u00e9sz szettet. T\u00f6k\u00e9letes v\u00e1laszt\u00e1s alkalmakra, esk\u00fcv\u0151re, vagy b\u00e1rmikor, amikor egy visszafogott, m\u00e9gis k\u00fcl\u00f6nleges darabbal szeretn\u00e9l megjelenni.<\/p>","protected":false},"excerpt":{"rendered":"<p>Letisztult elegancia, a legfinomabb form\u00e1j\u00e1ban. L\u00e1gy es\u00e9se gy\u00f6ny\u00f6r\u0171en keretezi a v\u00e1llakat, \u00e9s term\u00e9szetes m\u00f3don simul a testre \u2013 visel\u00e9se szinte \u00e9szrev\u00e9tlen, m\u00e9gis azonnal kiemeli az eg\u00e9sz szettet. T\u00f6k\u00e9letes v\u00e1laszt\u00e1s alkalmakra, esk\u00fcv\u0151re, vagy b\u00e1rmikor, amikor egy visszafogott, m\u00e9gis k\u00fcl\u00f6nleges darabbal szeretn\u00e9l megjelenni.<\/p>","protected":false},"featured_media":9275,"comment_status":"closed","ping_status":"closed","template":"","meta":[],"product_brand":[],"product_cat":[43,94],"product_tag":[],"class_list":{"0":"post-9280","1":"product","2":"type-product","3":"status-publish","4":"has-post-thumbnail","6":"product_cat-kiegeszitok","7":"product_cat-salak-gallerok-stolak","9":"first","10":"instock","11":"shipping-taxable","12":"purchasable","13":"product-type-variable"},"_links":{"self":[{"href":"https:\/\/fureverbycsanyi.hu\/en\/wp-json\/wp\/v2\/product\/9280","targetHints":{"allow":["GET"]}}],"collection":[{"href":"https:\/\/fureverbycsanyi.hu\/en\/wp-json\/wp\/v2\/product"}],"about":[{"href":"https:\/\/fureverbycsanyi.hu\/en\/wp-json\/wp\/v2\/types\/product"}],"replies":[{"embeddable":true,"href":"https:\/\/fureverbycsanyi.hu\/en\/wp-json\/wp\/v2\/comments?post=9280"}],"wp:featuredmedia":[{"embeddable":true,"href":"https:\/\/fureverbycsanyi.hu\/en\/wp-json\/wp\/v2\/media\/9275"}],"wp:attachment":[{"href":"https:\/\/fureverbycsanyi.hu\/en\/wp-json\/wp\/v2\/media?parent=9280"}],"wp:term":[{"taxonomy":"product_brand","embeddable":true,"href":"https:\/\/fureverbycsanyi.hu\/en\/wp-json\/wp\/v2\/product_brand?post=9280"},{"taxonomy":"product_cat","embeddable":true,"href":"https:\/\/fureverbycsanyi.hu\/en\/wp-json\/wp\/v2\/product_cat?post=9280"},{"taxonomy":"product_tag","embeddable":true,"href":"https:\/\/fureverbycsanyi.hu\/en\/wp-json\/wp\/v2\/product_tag?post=9280"}],"curies":[{"name":"wp","href":"https:\/\/api.w.org\/{rel}","templated":true}]}}