{"id":9219,"date":"2026-03-31T15:57:28","date_gmt":"2026-03-31T13:57:28","guid":{"rendered":"https:\/\/fureverbycsanyi.hu\/?post_type=product&#038;p=9219"},"modified":"2026-03-31T16:07:05","modified_gmt":"2026-03-31T14:07:05","slug":"ferfi-bor-zako-sotetbarna","status":"publish","type":"product","link":"https:\/\/fureverbycsanyi.hu\/en\/termek\/ferfi-bor-zako-sotetbarna\/","title":{"rendered":"F\u00e9rfi b\u0151r zak\u00f3, s\u00f6t\u00e9tbarna"},"content":{"rendered":"<p data-start=\"104\" data-end=\"379\">Klasszikus vad\u00e1szst\u00edlus modern k\u00f6nt\u00f6sben.<br data-start=\"149\" data-end=\"152\" \/>K\u00e9nyelmes, tart\u00f3s, \u00e9s minden alkalomhoz illik \u2013 vad\u00e1szathoz, term\u00e9szetj\u00e1r\u00e1shoz vagy v\u00e1rosi eleg\u00e1ns outfitekhez is t\u00f6k\u00e9letes v\u00e1laszt\u00e1s.<\/p>","protected":false},"excerpt":{"rendered":"<p data-start=\"104\" data-end=\"379\">Klasszikus vad\u00e1szst\u00edlus modern k\u00f6nt\u00f6sben.<br data-start=\"149\" data-end=\"152\" \/>K\u00e9nyelmes, tart\u00f3s, \u00e9s minden alkalomhoz illik \u2013 vad\u00e1szathoz, term\u00e9szetj\u00e1r\u00e1shoz vagy v\u00e1rosi eleg\u00e1ns outfitekhez is t\u00f6k\u00e9letes v\u00e1laszt\u00e1s.<\/p>","protected":false},"featured_media":9221,"comment_status":"closed","ping_status":"closed","template":"","meta":[],"product_brand":[],"product_cat":[332,41],"product_tag":[],"class_list":{"0":"post-9219","1":"product","2":"type-product","3":"status-publish","4":"has-post-thumbnail","6":"product_cat-ferfiak","7":"product_cat-vadasz-kollekcio","9":"first","10":"onbackorder","11":"shipping-taxable","12":"product-type-variable"},"_links":{"self":[{"href":"https:\/\/fureverbycsanyi.hu\/en\/wp-json\/wp\/v2\/product\/9219","targetHints":{"allow":["GET"]}}],"collection":[{"href":"https:\/\/fureverbycsanyi.hu\/en\/wp-json\/wp\/v2\/product"}],"about":[{"href":"https:\/\/fureverbycsanyi.hu\/en\/wp-json\/wp\/v2\/types\/product"}],"replies":[{"embeddable":true,"href":"https:\/\/fureverbycsanyi.hu\/en\/wp-json\/wp\/v2\/comments?post=9219"}],"wp:featuredmedia":[{"embeddable":true,"href":"https:\/\/fureverbycsanyi.hu\/en\/wp-json\/wp\/v2\/media\/9221"}],"wp:attachment":[{"href":"https:\/\/fureverbycsanyi.hu\/en\/wp-json\/wp\/v2\/media?parent=9219"}],"wp:term":[{"taxonomy":"product_brand","embeddable":true,"href":"https:\/\/fureverbycsanyi.hu\/en\/wp-json\/wp\/v2\/product_brand?post=9219"},{"taxonomy":"product_cat","embeddable":true,"href":"https:\/\/fureverbycsanyi.hu\/en\/wp-json\/wp\/v2\/product_cat?post=9219"},{"taxonomy":"product_tag","embeddable":true,"href":"https:\/\/fureverbycsanyi.hu\/en\/wp-json\/wp\/v2\/product_tag?post=9219"}],"curies":[{"name":"wp","href":"https:\/\/api.w.org\/{rel}","templated":true}]}}