{"id":9214,"date":"2026-03-31T15:45:34","date_gmt":"2026-03-31T13:45:34","guid":{"rendered":"https:\/\/fureverbycsanyi.hu\/?post_type=product&#038;p=9214"},"modified":"2026-03-31T15:48:47","modified_gmt":"2026-03-31T13:48:47","slug":"ferfi-gyapjuszovet-bor-melleny-fregoli-oliva","status":"publish","type":"product","link":"https:\/\/fureverbycsanyi.hu\/en\/termek\/ferfi-gyapjuszovet-bor-melleny-fregoli-oliva\/","title":{"rendered":"F\u00e9rfi gyapj\u00fasz\u00f6vet-b\u0151r mell\u00e9ny, fregoli, ol\u00edva"},"content":{"rendered":"<p data-start=\"104\" data-end=\"379\">Ez az ol\u00edva gyapj\u00fasz\u00f6vetsz\u00f6vet mell\u00e9ny a hagyom\u00e1nyos vonalvezet\u00e9st \u00f6tv\u00f6zi letisztult, mai r\u00e9szletekkel. A pr\u00e9mium min\u0151s\u00e9g\u0171 sz\u00f6vet k\u00e9nyelmes tart\u00e1st ad, m\u00edg a val\u00f3di b\u0151r d\u00edsz\u00edt\u00e9sek karaktert \u00e9s id\u0151t\u00e1ll\u00f3 eleganci\u00e1t visznek a megjelen\u00e9sbe.<\/p>\n<p data-start=\"381\" data-end=\"519\">","protected":false},"excerpt":{"rendered":"<p data-start=\"104\" data-end=\"379\">Ez az ol\u00edva gyapj\u00fasz\u00f6vetsz\u00f6vet mell\u00e9ny a hagyom\u00e1nyos vonalvezet\u00e9st \u00f6tv\u00f6zi letisztult, mai r\u00e9szletekkel. A pr\u00e9mium min\u0151s\u00e9g\u0171 sz\u00f6vet k\u00e9nyelmes tart\u00e1st ad, m\u00edg a val\u00f3di b\u0151r d\u00edsz\u00edt\u00e9sek karaktert \u00e9s id\u0151t\u00e1ll\u00f3 eleganci\u00e1t visznek a megjelen\u00e9sbe.<\/p>\n<p data-start=\"381\" data-end=\"519\">","protected":false},"featured_media":9175,"comment_status":"closed","ping_status":"closed","template":"","meta":[],"product_brand":[],"product_cat":[332,41],"product_tag":[],"class_list":{"0":"post-9214","1":"product","2":"type-product","3":"status-publish","4":"has-post-thumbnail","6":"product_cat-ferfiak","7":"product_cat-vadasz-kollekcio","9":"first","10":"instock","11":"shipping-taxable","12":"purchasable","13":"product-type-variable"},"_links":{"self":[{"href":"https:\/\/fureverbycsanyi.hu\/en\/wp-json\/wp\/v2\/product\/9214","targetHints":{"allow":["GET"]}}],"collection":[{"href":"https:\/\/fureverbycsanyi.hu\/en\/wp-json\/wp\/v2\/product"}],"about":[{"href":"https:\/\/fureverbycsanyi.hu\/en\/wp-json\/wp\/v2\/types\/product"}],"replies":[{"embeddable":true,"href":"https:\/\/fureverbycsanyi.hu\/en\/wp-json\/wp\/v2\/comments?post=9214"}],"wp:featuredmedia":[{"embeddable":true,"href":"https:\/\/fureverbycsanyi.hu\/en\/wp-json\/wp\/v2\/media\/9175"}],"wp:attachment":[{"href":"https:\/\/fureverbycsanyi.hu\/en\/wp-json\/wp\/v2\/media?parent=9214"}],"wp:term":[{"taxonomy":"product_brand","embeddable":true,"href":"https:\/\/fureverbycsanyi.hu\/en\/wp-json\/wp\/v2\/product_brand?post=9214"},{"taxonomy":"product_cat","embeddable":true,"href":"https:\/\/fureverbycsanyi.hu\/en\/wp-json\/wp\/v2\/product_cat?post=9214"},{"taxonomy":"product_tag","embeddable":true,"href":"https:\/\/fureverbycsanyi.hu\/en\/wp-json\/wp\/v2\/product_tag?post=9214"}],"curies":[{"name":"wp","href":"https:\/\/api.w.org\/{rel}","templated":true}]}}