{"id":8953,"date":"2025-12-03T22:15:11","date_gmt":"2025-12-03T21:15:11","guid":{"rendered":"https:\/\/fureverbycsanyi.hu\/?post_type=product&#038;p=8953"},"modified":"2026-03-31T14:57:54","modified_gmt":"2026-03-31T12:57:54","slug":"ferfi-irha-melleny-kekizold-szinben","status":"publish","type":"product","link":"https:\/\/fureverbycsanyi.hu\/en\/termek\/ferfi-irha-melleny-kekizold-szinben\/","title":{"rendered":"F\u00e9rfi irha mell\u00e9ny, kekiz\u00f6ld sz\u00ednben"},"content":{"rendered":"<p>A f\u00e9rfi irha mell\u00e9ny term\u00e9szetes, vastag irh\u00e1b\u00f3l k\u00e9sz\u00fcl, amely kiemelked\u0151 h\u0151tart\u00e1st \u00e9s sz\u00e9l\u00e1ll\u00f3s\u00e1got biztos\u00edt. Tart\u00f3s kialak\u00edt\u00e1sa \u00e9s k\u00e9nyelmes szab\u00e1sa miatt ide\u00e1lis hosszabb k\u00fclt\u00e9ri megfigyel\u00e9sekhez, vad\u00e1szathoz \u00e9s hideg id\u0151ben v\u00e9gzett tev\u00e9kenys\u00e9gekhez.<\/p>","protected":false},"excerpt":{"rendered":"<p data-start=\"74\" data-end=\"400\">A f\u00e9rfi irha mell\u00e9ny term\u00e9szetes, vastag irh\u00e1b\u00f3l k\u00e9sz\u00fcl, amely kiemelked\u0151 h\u0151tart\u00e1st \u00e9s sz\u00e9l\u00e1ll\u00f3s\u00e1got biztos\u00edt. Tart\u00f3s kialak\u00edt\u00e1sa \u00e9s k\u00e9nyelmes szab\u00e1sa miatt ide\u00e1lis hosszabb k\u00fclt\u00e9ri megfigyel\u00e9sekhez, vad\u00e1szathoz \u00e9s hideg id\u0151ben v\u00e9gzett tev\u00e9kenys\u00e9gekhez.<\/p>\n<p data-start=\"93\" data-end=\"402\">","protected":false},"featured_media":9196,"comment_status":"closed","ping_status":"closed","template":"","meta":[],"product_brand":[],"product_cat":[332,41],"product_tag":[],"class_list":{"0":"post-8953","1":"product","2":"type-product","3":"status-publish","4":"has-post-thumbnail","6":"product_cat-ferfiak","7":"product_cat-vadasz-kollekcio","9":"first","10":"instock","11":"shipping-taxable","12":"purchasable","13":"product-type-variable"},"_links":{"self":[{"href":"https:\/\/fureverbycsanyi.hu\/en\/wp-json\/wp\/v2\/product\/8953","targetHints":{"allow":["GET"]}}],"collection":[{"href":"https:\/\/fureverbycsanyi.hu\/en\/wp-json\/wp\/v2\/product"}],"about":[{"href":"https:\/\/fureverbycsanyi.hu\/en\/wp-json\/wp\/v2\/types\/product"}],"replies":[{"embeddable":true,"href":"https:\/\/fureverbycsanyi.hu\/en\/wp-json\/wp\/v2\/comments?post=8953"}],"wp:featuredmedia":[{"embeddable":true,"href":"https:\/\/fureverbycsanyi.hu\/en\/wp-json\/wp\/v2\/media\/9196"}],"wp:attachment":[{"href":"https:\/\/fureverbycsanyi.hu\/en\/wp-json\/wp\/v2\/media?parent=8953"}],"wp:term":[{"taxonomy":"product_brand","embeddable":true,"href":"https:\/\/fureverbycsanyi.hu\/en\/wp-json\/wp\/v2\/product_brand?post=8953"},{"taxonomy":"product_cat","embeddable":true,"href":"https:\/\/fureverbycsanyi.hu\/en\/wp-json\/wp\/v2\/product_cat?post=8953"},{"taxonomy":"product_tag","embeddable":true,"href":"https:\/\/fureverbycsanyi.hu\/en\/wp-json\/wp\/v2\/product_tag?post=8953"}],"curies":[{"name":"wp","href":"https:\/\/api.w.org\/{rel}","templated":true}]}}