{"id":8945,"date":"2025-12-03T22:01:38","date_gmt":"2025-12-03T21:01:38","guid":{"rendered":"https:\/\/fureverbycsanyi.hu\/?post_type=product&#038;p=8945"},"modified":"2026-03-31T13:45:40","modified_gmt":"2026-03-31T11:45:40","slug":"ferfi-irha-kabat-pilota-barna-szinben","status":"publish","type":"product","link":"https:\/\/fureverbycsanyi.hu\/en\/termek\/ferfi-irha-kabat-pilota-barna-szinben\/","title":{"rendered":"F\u00e9rfi irha kab\u00e1t, pil\u00f3ta, barna sz\u00ednben"},"content":{"rendered":"<p>Karakteres, f\u00e9rfias elegancia pr\u00e9mium term\u00e9szetes anyagokb\u00f3l.<br data-start=\"158\" data-end=\"161\" \/>A puha, m\u00e9gis strapab\u00edr\u00f3 irha kiv\u00e1l\u00f3 h\u0151szigetel\u00e9st biztos\u00edt.<\/p>","protected":false},"excerpt":{"rendered":"<p data-start=\"93\" data-end=\"402\">Karakteres, f\u00e9rfias elegancia pr\u00e9mium term\u00e9szetes anyagokb\u00f3l.<br data-start=\"158\" data-end=\"161\" \/>A puha, m\u00e9gis strapab\u00edr\u00f3 irha kiv\u00e1l\u00f3 h\u0151szigetel\u00e9st biztos\u00edt.<\/p>\n<p data-start=\"93\" data-end=\"402\">","protected":false},"featured_media":9186,"comment_status":"closed","ping_status":"closed","template":"","meta":[],"product_brand":[],"product_cat":[332,41],"product_tag":[],"class_list":{"0":"post-8945","1":"product","2":"type-product","3":"status-publish","4":"has-post-thumbnail","6":"product_cat-ferfiak","7":"product_cat-vadasz-kollekcio","9":"first","10":"instock","11":"shipping-taxable","12":"purchasable","13":"product-type-variable"},"_links":{"self":[{"href":"https:\/\/fureverbycsanyi.hu\/en\/wp-json\/wp\/v2\/product\/8945","targetHints":{"allow":["GET"]}}],"collection":[{"href":"https:\/\/fureverbycsanyi.hu\/en\/wp-json\/wp\/v2\/product"}],"about":[{"href":"https:\/\/fureverbycsanyi.hu\/en\/wp-json\/wp\/v2\/types\/product"}],"replies":[{"embeddable":true,"href":"https:\/\/fureverbycsanyi.hu\/en\/wp-json\/wp\/v2\/comments?post=8945"}],"wp:featuredmedia":[{"embeddable":true,"href":"https:\/\/fureverbycsanyi.hu\/en\/wp-json\/wp\/v2\/media\/9186"}],"wp:attachment":[{"href":"https:\/\/fureverbycsanyi.hu\/en\/wp-json\/wp\/v2\/media?parent=8945"}],"wp:term":[{"taxonomy":"product_brand","embeddable":true,"href":"https:\/\/fureverbycsanyi.hu\/en\/wp-json\/wp\/v2\/product_brand?post=8945"},{"taxonomy":"product_cat","embeddable":true,"href":"https:\/\/fureverbycsanyi.hu\/en\/wp-json\/wp\/v2\/product_cat?post=8945"},{"taxonomy":"product_tag","embeddable":true,"href":"https:\/\/fureverbycsanyi.hu\/en\/wp-json\/wp\/v2\/product_tag?post=8945"}],"curies":[{"name":"wp","href":"https:\/\/api.w.org\/{rel}","templated":true}]}}