{"id":8935,"date":"2025-12-03T21:45:07","date_gmt":"2025-12-03T20:45:07","guid":{"rendered":"https:\/\/fureverbycsanyi.hu\/?post_type=product&#038;p=8935"},"modified":"2026-03-31T15:23:00","modified_gmt":"2026-03-31T13:23:00","slug":"ferfi-gyapjuszovet-kabat-kockas-kek-szinben","status":"publish","type":"product","link":"https:\/\/fureverbycsanyi.hu\/en\/termek\/ferfi-gyapjuszovet-kabat-kockas-kek-szinben\/","title":{"rendered":"F\u00e9rfi gyapj\u00fasz\u00f6vet kab\u00e1t, kock\u00e1s, k\u00e9k sz\u00ednben"},"content":{"rendered":"<p data-start=\"104\" data-end=\"379\">Klasszikus vad\u00e1szst\u00edlus modern k\u00f6nt\u00f6sben.<br data-start=\"149\" data-end=\"152\" \/>Ez a k\u00e9k sz\u00f6vet vad\u00e1sz zak\u00f3 a hagyom\u00e1nyos vonalvezet\u00e9st \u00f6tv\u00f6zi letisztult, mai r\u00e9szletekkel. A pr\u00e9mium min\u0151s\u00e9g\u0171 sz\u00f6vet k\u00e9nyelmes tart\u00e1st ad, m\u00edg a val\u00f3di b\u0151r d\u00edsz\u00edt\u00e9sek karaktert \u00e9s id\u0151t\u00e1ll\u00f3 eleganci\u00e1t visznek a megjelen\u00e9sbe.<\/p>\n<p data-start=\"381\" data-end=\"519\">K\u00e9nyelmes, tart\u00f3s, \u00e9s minden alkalomhoz illik \u2013 vad\u00e1szathoz, term\u00e9szetj\u00e1r\u00e1shoz vagy v\u00e1rosi eleg\u00e1ns outfitekhez is t\u00f6k\u00e9letes v\u00e1laszt\u00e1s.<\/p>","protected":false},"excerpt":{"rendered":"<p data-start=\"104\" data-end=\"379\">Klasszikus vad\u00e1szst\u00edlus modern k\u00f6nt\u00f6sben.<br data-start=\"149\" data-end=\"152\" \/>Ez a k\u00e9k sz\u00f6vet vad\u00e1sz zak\u00f3 a hagyom\u00e1nyos vonalvezet\u00e9st \u00f6tv\u00f6zi letisztult, mai r\u00e9szletekkel. A pr\u00e9mium min\u0151s\u00e9g\u0171 sz\u00f6vet k\u00e9nyelmes tart\u00e1st ad, m\u00edg a val\u00f3di b\u0151r d\u00edsz\u00edt\u00e9sek karaktert \u00e9s id\u0151t\u00e1ll\u00f3 eleganci\u00e1t visznek a megjelen\u00e9sbe.<\/p>\n<p data-start=\"381\" data-end=\"519\">K\u00e9nyelmes, tart\u00f3s, \u00e9s minden alkalomhoz illik \u2013 vad\u00e1szathoz, term\u00e9szetj\u00e1r\u00e1shoz vagy v\u00e1rosi eleg\u00e1ns outfitekhez is t\u00f6k\u00e9letes v\u00e1laszt\u00e1s.<\/p>","protected":false},"featured_media":9149,"comment_status":"closed","ping_status":"closed","template":"","meta":[],"product_brand":[],"product_cat":[332,41],"product_tag":[],"class_list":{"0":"post-8935","1":"product","2":"type-product","3":"status-publish","4":"has-post-thumbnail","6":"product_cat-ferfiak","7":"product_cat-vadasz-kollekcio","9":"first","10":"instock","11":"shipping-taxable","12":"purchasable","13":"product-type-variable"},"_links":{"self":[{"href":"https:\/\/fureverbycsanyi.hu\/en\/wp-json\/wp\/v2\/product\/8935","targetHints":{"allow":["GET"]}}],"collection":[{"href":"https:\/\/fureverbycsanyi.hu\/en\/wp-json\/wp\/v2\/product"}],"about":[{"href":"https:\/\/fureverbycsanyi.hu\/en\/wp-json\/wp\/v2\/types\/product"}],"replies":[{"embeddable":true,"href":"https:\/\/fureverbycsanyi.hu\/en\/wp-json\/wp\/v2\/comments?post=8935"}],"wp:featuredmedia":[{"embeddable":true,"href":"https:\/\/fureverbycsanyi.hu\/en\/wp-json\/wp\/v2\/media\/9149"}],"wp:attachment":[{"href":"https:\/\/fureverbycsanyi.hu\/en\/wp-json\/wp\/v2\/media?parent=8935"}],"wp:term":[{"taxonomy":"product_brand","embeddable":true,"href":"https:\/\/fureverbycsanyi.hu\/en\/wp-json\/wp\/v2\/product_brand?post=8935"},{"taxonomy":"product_cat","embeddable":true,"href":"https:\/\/fureverbycsanyi.hu\/en\/wp-json\/wp\/v2\/product_cat?post=8935"},{"taxonomy":"product_tag","embeddable":true,"href":"https:\/\/fureverbycsanyi.hu\/en\/wp-json\/wp\/v2\/product_tag?post=8935"}],"curies":[{"name":"wp","href":"https:\/\/api.w.org\/{rel}","templated":true}]}}