{"id":8882,"date":"2025-11-25T09:39:58","date_gmt":"2025-11-25T08:39:58","guid":{"rendered":"https:\/\/fureverbycsanyi.hu\/?post_type=product&#038;p=8882"},"modified":"2025-11-25T09:58:09","modified_gmt":"2025-11-25T08:58:09","slug":"kapucnis-parka-kabat-nyirt-nercbol-3","status":"publish","type":"product","link":"https:\/\/fureverbycsanyi.hu\/en\/termek\/kapucnis-parka-kabat-nyirt-nercbol-3\/","title":{"rendered":"Kapucnis parka kab\u00e1t ny\u00edrt nercb\u0151l"},"content":{"rendered":"","protected":false},"excerpt":{"rendered":"<p>Sportos, kapucnis parka kab\u00e1t, ny\u00edrt nercb\u0151l. \u00c1ll\u00edthat\u00f3 h\u00faz\u00f3zsin\u00f3r a der\u00e9kr\u00e9szen, a kapucnin \u00e9s a h\u00e1ts\u00f3 szeg\u00e9lyen. Cipz\u00e1rral \u00e9s nyom\u00f3gombokkal z\u00e1r\u00f3dik.<br \/>\nA modell 38-as m\u00e9retet visel.<\/p>\n<p>\u2013 K\u00e9t oldals\u00f3 zseb<br \/>\n\u2013 Cipz\u00e1rral \u00e9s gombokkal z\u00e1r\u00f3dik<br \/>\n\u2013 100% b\u0151r zsin\u00f3rok<br \/>\n\u2013 Hossz\u00fas\u00e1g: 90 cm<br \/>\n\u2013 Ton\u00e1lis b\u00e9l\u00e9s<\/p>","protected":false},"featured_media":8796,"comment_status":"closed","ping_status":"closed","template":"","meta":[],"product_brand":[],"product_cat":[67,38,164],"product_tag":[],"class_list":{"0":"post-8882","1":"product","2":"type-product","3":"status-publish","4":"has-post-thumbnail","6":"product_cat-kabatok","7":"product_cat-noi","8":"product_cat-ujdonsagok","10":"first","11":"onbackorder","12":"shipping-taxable","13":"purchasable","14":"product-type-variable"},"_links":{"self":[{"href":"https:\/\/fureverbycsanyi.hu\/en\/wp-json\/wp\/v2\/product\/8882","targetHints":{"allow":["GET"]}}],"collection":[{"href":"https:\/\/fureverbycsanyi.hu\/en\/wp-json\/wp\/v2\/product"}],"about":[{"href":"https:\/\/fureverbycsanyi.hu\/en\/wp-json\/wp\/v2\/types\/product"}],"replies":[{"embeddable":true,"href":"https:\/\/fureverbycsanyi.hu\/en\/wp-json\/wp\/v2\/comments?post=8882"}],"wp:featuredmedia":[{"embeddable":true,"href":"https:\/\/fureverbycsanyi.hu\/en\/wp-json\/wp\/v2\/media\/8796"}],"wp:attachment":[{"href":"https:\/\/fureverbycsanyi.hu\/en\/wp-json\/wp\/v2\/media?parent=8882"}],"wp:term":[{"taxonomy":"product_brand","embeddable":true,"href":"https:\/\/fureverbycsanyi.hu\/en\/wp-json\/wp\/v2\/product_brand?post=8882"},{"taxonomy":"product_cat","embeddable":true,"href":"https:\/\/fureverbycsanyi.hu\/en\/wp-json\/wp\/v2\/product_cat?post=8882"},{"taxonomy":"product_tag","embeddable":true,"href":"https:\/\/fureverbycsanyi.hu\/en\/wp-json\/wp\/v2\/product_tag?post=8882"}],"curies":[{"name":"wp","href":"https:\/\/api.w.org\/{rel}","templated":true}]}}