{"id":8868,"date":"2025-11-25T08:46:45","date_gmt":"2025-11-25T07:46:45","guid":{"rendered":"https:\/\/fureverbycsanyi.hu\/?post_type=product&#038;p=8868"},"modified":"2026-01-08T10:15:10","modified_gmt":"2026-01-08T09:15:10","slug":"rovid-nerc-szormekabat","status":"publish","type":"product","link":"https:\/\/fureverbycsanyi.hu\/en\/termek\/rovid-nerc-szormekabat\/","title":{"rendered":"R\u00d6VID NERC SZ\u0150RMEKAB\u00c1T"},"content":{"rendered":"","protected":false},"excerpt":{"rendered":"<p>R\u00f6vid nercbunda, pr\u00e9mium min\u0151s\u00e9g\u0171 v\u00edzszintes nercb\u0151rb\u0151l, sima \u00e9s b\u00e1rsonyos text\u00far\u00e1val. A letisztult, struktur\u00e1lt sziluettet puha \u00e1ll\u00f3gall\u00e9r emeli ki. Nappali \u00e9s esti viseletre egyar\u00e1nt t\u00f6k\u00e9letes.<\/p>\n<p>A fot\u00f3kon l\u00e1that\u00f3 sz\u00ednek: feh\u00e9r.<br \/>\nA modell 38-as m\u00e9retet visel.<\/p>\n<p>R\u00c9SZLETEK:<br \/>\n\u2013 K\u00e9t oldals\u00f3 zseb<br \/>\n\u2013 Rejtett r\u00f6gz\u00edt\u00e9s kesk\u00e1val<br \/>\n\u2013 Hossz\u00fas\u00e1g 55 cm<br \/>\n\u2013 Ton\u00e1lis b\u00e9l\u00e9s<\/p>","protected":false},"featured_media":8771,"comment_status":"closed","ping_status":"closed","template":"","meta":[],"product_brand":[],"product_cat":[67,163,38,164],"product_tag":[],"class_list":{"0":"post-8868","1":"product","2":"type-product","3":"status-publish","4":"has-post-thumbnail","6":"product_cat-kabatok","7":"product_cat-nepszeru-termekek","8":"product_cat-noi","9":"product_cat-ujdonsagok","11":"first","12":"onbackorder","13":"shipping-taxable","14":"purchasable","15":"product-type-variable"},"_links":{"self":[{"href":"https:\/\/fureverbycsanyi.hu\/en\/wp-json\/wp\/v2\/product\/8868","targetHints":{"allow":["GET"]}}],"collection":[{"href":"https:\/\/fureverbycsanyi.hu\/en\/wp-json\/wp\/v2\/product"}],"about":[{"href":"https:\/\/fureverbycsanyi.hu\/en\/wp-json\/wp\/v2\/types\/product"}],"replies":[{"embeddable":true,"href":"https:\/\/fureverbycsanyi.hu\/en\/wp-json\/wp\/v2\/comments?post=8868"}],"wp:featuredmedia":[{"embeddable":true,"href":"https:\/\/fureverbycsanyi.hu\/en\/wp-json\/wp\/v2\/media\/8771"}],"wp:attachment":[{"href":"https:\/\/fureverbycsanyi.hu\/en\/wp-json\/wp\/v2\/media?parent=8868"}],"wp:term":[{"taxonomy":"product_brand","embeddable":true,"href":"https:\/\/fureverbycsanyi.hu\/en\/wp-json\/wp\/v2\/product_brand?post=8868"},{"taxonomy":"product_cat","embeddable":true,"href":"https:\/\/fureverbycsanyi.hu\/en\/wp-json\/wp\/v2\/product_cat?post=8868"},{"taxonomy":"product_tag","embeddable":true,"href":"https:\/\/fureverbycsanyi.hu\/en\/wp-json\/wp\/v2\/product_tag?post=8868"}],"curies":[{"name":"wp","href":"https:\/\/api.w.org\/{rel}","templated":true}]}}