{"id":8864,"date":"2025-11-25T08:34:37","date_gmt":"2025-11-25T07:34:37","guid":{"rendered":"https:\/\/fureverbycsanyi.hu\/?post_type=product&#038;p=8864"},"modified":"2025-11-25T08:41:29","modified_gmt":"2025-11-25T07:41:29","slug":"nerc-szormebunda-allo-gallerral-es-ovvel","status":"publish","type":"product","link":"https:\/\/fureverbycsanyi.hu\/en\/termek\/nerc-szormebunda-allo-gallerral-es-ovvel\/","title":{"rendered":"NERC SZ\u0150RMEBUNDA \u00c1LL\u00d3 GALL\u00c9RRAL \u00c9S \u00d6VVEL"},"content":{"rendered":"","protected":false},"excerpt":{"rendered":"<p>Eleg\u00e1ns \u00e9s kifinomult nercbunda struktur\u00e1lt \u00e1ll\u00f3gall\u00e9rral \u00e9s letisztult, egyenes vonal\u00fa sziluettel rendelkezik. V\u00edzszintesen megmunk\u00e1lt minkb\u0151rb\u0151l k\u00e9sz\u00fclt, id\u0151t\u00e1ll\u00f3 eszt\u00e9tik\u00e1t k\u00e9pvisel.<\/p>\n<p>A hozz\u00e1 ill\u0151 nerc \u00f6v kiemeli a derek\u00e1t, finoman hangs\u00falyozva az alakot. T\u00f6k\u00e9letes v\u00e1laszt\u00e1s mind form\u00e1lis alkalmakra, mind pedig a mindennapi viselethez.<br \/>\nA fot\u00f3kon l\u00e1that\u00f3 sz\u00ednek Blackglama.<br \/>\nA modell 38-as m\u00e9retet visel.<\/p>\n<p>R\u00c9SZLETEK:<br \/>\n\u2013 K\u00e9t oldals\u00f3 zseb<br \/>\n\u2013 Nerc \u00f6v<br \/>\n\u2013 Hossz\u00fas\u00e1g 96 cm<br \/>\n\u2013 Tone-on-tone b\u00e9l\u00e9s<\/p>","protected":false},"featured_media":8763,"comment_status":"closed","ping_status":"closed","template":"","meta":[],"product_brand":[],"product_cat":[67,38,164],"product_tag":[],"class_list":{"0":"post-8864","1":"product","2":"type-product","3":"status-publish","4":"has-post-thumbnail","6":"product_cat-kabatok","7":"product_cat-noi","8":"product_cat-ujdonsagok","10":"first","11":"onbackorder","12":"shipping-taxable","13":"purchasable","14":"product-type-variable"},"_links":{"self":[{"href":"https:\/\/fureverbycsanyi.hu\/en\/wp-json\/wp\/v2\/product\/8864","targetHints":{"allow":["GET"]}}],"collection":[{"href":"https:\/\/fureverbycsanyi.hu\/en\/wp-json\/wp\/v2\/product"}],"about":[{"href":"https:\/\/fureverbycsanyi.hu\/en\/wp-json\/wp\/v2\/types\/product"}],"replies":[{"embeddable":true,"href":"https:\/\/fureverbycsanyi.hu\/en\/wp-json\/wp\/v2\/comments?post=8864"}],"wp:featuredmedia":[{"embeddable":true,"href":"https:\/\/fureverbycsanyi.hu\/en\/wp-json\/wp\/v2\/media\/8763"}],"wp:attachment":[{"href":"https:\/\/fureverbycsanyi.hu\/en\/wp-json\/wp\/v2\/media?parent=8864"}],"wp:term":[{"taxonomy":"product_brand","embeddable":true,"href":"https:\/\/fureverbycsanyi.hu\/en\/wp-json\/wp\/v2\/product_brand?post=8864"},{"taxonomy":"product_cat","embeddable":true,"href":"https:\/\/fureverbycsanyi.hu\/en\/wp-json\/wp\/v2\/product_cat?post=8864"},{"taxonomy":"product_tag","embeddable":true,"href":"https:\/\/fureverbycsanyi.hu\/en\/wp-json\/wp\/v2\/product_tag?post=8864"}],"curies":[{"name":"wp","href":"https:\/\/api.w.org\/{rel}","templated":true}]}}