{"id":8853,"date":"2025-11-25T08:05:58","date_gmt":"2025-11-25T07:05:58","guid":{"rendered":"https:\/\/fureverbycsanyi.hu\/?post_type=product&#038;p=8853"},"modified":"2025-11-25T08:10:14","modified_gmt":"2025-11-25T07:10:14","slug":"perzsa-baranybor-kabat-nerc-gallerral","status":"publish","type":"product","link":"https:\/\/fureverbycsanyi.hu\/en\/termek\/perzsa-baranybor-kabat-nerc-gallerral\/","title":{"rendered":"PERZSA B\u00c1R\u00c1NYB\u0150R KAB\u00c1T NERC GALL\u00c9RRAL"},"content":{"rendered":"","protected":false},"excerpt":{"rendered":"<p>Casual-chic perzsa b\u00e1r\u00e1nyb\u0151r kab\u00e1t b\u0151r \u00f6vvel \u00e9s nerc gall\u00e9rral.<\/p>\n<p>A fot\u00f3n l\u00e1that\u00f3 sz\u00edn: Moonlight.<br \/>\nA modell 38-as m\u00e9retet visel.<\/p>\n<p>\u2013 K\u00e9t rejtett zseb az oldalakon<br \/>\n\u2013 Kapcsos z\u00e1r\u00f3d\u00e1s<br \/>\n\u2013 100% val\u00f3di b\u0151r \u00f6v<br \/>\n\u2013 Hossz\u00fas\u00e1g: 70 cm<br \/>\n\u2013 Tone-on-tone b\u00e9l\u00e9s<\/p>","protected":false},"featured_media":8741,"comment_status":"closed","ping_status":"closed","template":"","meta":[],"product_brand":[],"product_cat":[67,38,164],"product_tag":[],"class_list":{"0":"post-8853","1":"product","2":"type-product","3":"status-publish","4":"has-post-thumbnail","6":"product_cat-kabatok","7":"product_cat-noi","8":"product_cat-ujdonsagok","10":"first","11":"onbackorder","12":"shipping-taxable","13":"purchasable","14":"product-type-variable"},"_links":{"self":[{"href":"https:\/\/fureverbycsanyi.hu\/en\/wp-json\/wp\/v2\/product\/8853","targetHints":{"allow":["GET"]}}],"collection":[{"href":"https:\/\/fureverbycsanyi.hu\/en\/wp-json\/wp\/v2\/product"}],"about":[{"href":"https:\/\/fureverbycsanyi.hu\/en\/wp-json\/wp\/v2\/types\/product"}],"replies":[{"embeddable":true,"href":"https:\/\/fureverbycsanyi.hu\/en\/wp-json\/wp\/v2\/comments?post=8853"}],"wp:featuredmedia":[{"embeddable":true,"href":"https:\/\/fureverbycsanyi.hu\/en\/wp-json\/wp\/v2\/media\/8741"}],"wp:attachment":[{"href":"https:\/\/fureverbycsanyi.hu\/en\/wp-json\/wp\/v2\/media?parent=8853"}],"wp:term":[{"taxonomy":"product_brand","embeddable":true,"href":"https:\/\/fureverbycsanyi.hu\/en\/wp-json\/wp\/v2\/product_brand?post=8853"},{"taxonomy":"product_cat","embeddable":true,"href":"https:\/\/fureverbycsanyi.hu\/en\/wp-json\/wp\/v2\/product_cat?post=8853"},{"taxonomy":"product_tag","embeddable":true,"href":"https:\/\/fureverbycsanyi.hu\/en\/wp-json\/wp\/v2\/product_tag?post=8853"}],"curies":[{"name":"wp","href":"https:\/\/api.w.org\/{rel}","templated":true}]}}