{"id":8851,"date":"2025-11-25T08:02:06","date_gmt":"2025-11-25T07:02:06","guid":{"rendered":"https:\/\/fureverbycsanyi.hu\/?post_type=product&#038;p=8851"},"modified":"2025-11-25T10:08:42","modified_gmt":"2025-11-25T09:08:42","slug":"perzsa-baranybor-parka-kabat","status":"publish","type":"product","link":"https:\/\/fureverbycsanyi.hu\/en\/termek\/perzsa-baranybor-parka-kabat\/","title":{"rendered":"PERZSA B\u00c1R\u00c1NYB\u0150R PARKA KAB\u00c1T"},"content":{"rendered":"","protected":false},"excerpt":{"rendered":"<p>Casual chic kapucnis perzsa b\u00e1r\u00e1nyb\u0151r parka kab\u00e1t. A kapucni bels\u0151 r\u00e9sze nercb\u0151l k\u00e9sz\u00fclt. \u00c1ll\u00edthat\u00f3 h\u00faz\u00f3zsin\u00f3r a der\u00e9kr\u00e9szen, a kapucnin \u00e9s a h\u00e1ts\u00f3 szeg\u00e9lyen. Cipz\u00e1rral \u00e9s nyom\u00f3gombokkal z\u00e1rhat\u00f3.<\/p>\n<p>Laguna k\u00e9k sz\u00ednben kaphat\u00f3.<br \/>\nA modell 38-as m\u00e9retet visel.<\/p>\n<p>\u2013 K\u00e9t oldals\u00f3 zseb<br \/>\n\u2013 Cipz\u00e1rral \u00e9s nyom\u00f3gombokkal z\u00e1rhat\u00f3<br \/>\n\u2013 100% b\u0151r zsin\u00f3rok<br \/>\n\u2013 Hossz\u00fas\u00e1g: 90 cm<br \/>\n\u2013 Ton\u00e1lis b\u00e9l\u00e9s<\/p>","protected":false},"featured_media":8736,"comment_status":"closed","ping_status":"closed","template":"","meta":[],"product_brand":[],"product_cat":[67,38,164],"product_tag":[],"class_list":{"0":"post-8851","1":"product","2":"type-product","3":"status-publish","4":"has-post-thumbnail","6":"product_cat-kabatok","7":"product_cat-noi","8":"product_cat-ujdonsagok","10":"first","11":"onbackorder","12":"shipping-taxable","13":"purchasable","14":"product-type-variable"},"_links":{"self":[{"href":"https:\/\/fureverbycsanyi.hu\/en\/wp-json\/wp\/v2\/product\/8851","targetHints":{"allow":["GET"]}}],"collection":[{"href":"https:\/\/fureverbycsanyi.hu\/en\/wp-json\/wp\/v2\/product"}],"about":[{"href":"https:\/\/fureverbycsanyi.hu\/en\/wp-json\/wp\/v2\/types\/product"}],"replies":[{"embeddable":true,"href":"https:\/\/fureverbycsanyi.hu\/en\/wp-json\/wp\/v2\/comments?post=8851"}],"wp:featuredmedia":[{"embeddable":true,"href":"https:\/\/fureverbycsanyi.hu\/en\/wp-json\/wp\/v2\/media\/8736"}],"wp:attachment":[{"href":"https:\/\/fureverbycsanyi.hu\/en\/wp-json\/wp\/v2\/media?parent=8851"}],"wp:term":[{"taxonomy":"product_brand","embeddable":true,"href":"https:\/\/fureverbycsanyi.hu\/en\/wp-json\/wp\/v2\/product_brand?post=8851"},{"taxonomy":"product_cat","embeddable":true,"href":"https:\/\/fureverbycsanyi.hu\/en\/wp-json\/wp\/v2\/product_cat?post=8851"},{"taxonomy":"product_tag","embeddable":true,"href":"https:\/\/fureverbycsanyi.hu\/en\/wp-json\/wp\/v2\/product_tag?post=8851"}],"curies":[{"name":"wp","href":"https:\/\/api.w.org\/{rel}","templated":true}]}}