{"id":8843,"date":"2025-11-24T22:16:51","date_gmt":"2025-11-24T21:16:51","guid":{"rendered":"https:\/\/fureverbycsanyi.hu\/?post_type=product&#038;p=8843"},"modified":"2025-11-25T10:11:26","modified_gmt":"2025-11-25T09:11:26","slug":"kerek-nyaku-roka-kabat-2","status":"publish","type":"product","link":"https:\/\/fureverbycsanyi.hu\/en\/termek\/kerek-nyaku-roka-kabat-2\/","title":{"rendered":"Kerek nyak\u00fa r\u00f3ka kab\u00e1t"},"content":{"rendered":"","protected":false},"excerpt":{"rendered":"<p>Csod\u00e1latos, kerek nyak\u00fa kab\u00e1t. R\u00f3ka pr\u00e9mb\u0151l k\u00e9sz\u00fclt, a testr\u00e9szen f\u00fcgg\u0151legesen, az ujjakon v\u00edzszintesen dolgozva.<\/p>\n<p>A fot\u00f3kon l\u00e1that\u00f3 sz\u00ednek: nat\u00far<br \/>\nA modell 38-as m\u00e9retet visel.<\/p>\n<p>\u2013 K\u00e9t oldals\u00f3 zseb<br \/>\n\u2013 Rejtett kapcsos z\u00e1r\u00f3d\u00e1s<br \/>\n\u2013 Hossz\u00fas\u00e1g 80 cm<br \/>\n\u2013 Ton\u00e1lis b\u00e9l\u00e9s<\/p>","protected":false},"featured_media":8725,"comment_status":"closed","ping_status":"closed","template":"","meta":[],"product_brand":[],"product_cat":[67,38,164],"product_tag":[],"class_list":{"0":"post-8843","1":"product","2":"type-product","3":"status-publish","4":"has-post-thumbnail","6":"product_cat-kabatok","7":"product_cat-noi","8":"product_cat-ujdonsagok","10":"first","11":"onbackorder","12":"shipping-taxable","13":"purchasable","14":"product-type-variable","15":"has-default-attributes"},"_links":{"self":[{"href":"https:\/\/fureverbycsanyi.hu\/en\/wp-json\/wp\/v2\/product\/8843","targetHints":{"allow":["GET"]}}],"collection":[{"href":"https:\/\/fureverbycsanyi.hu\/en\/wp-json\/wp\/v2\/product"}],"about":[{"href":"https:\/\/fureverbycsanyi.hu\/en\/wp-json\/wp\/v2\/types\/product"}],"replies":[{"embeddable":true,"href":"https:\/\/fureverbycsanyi.hu\/en\/wp-json\/wp\/v2\/comments?post=8843"}],"wp:featuredmedia":[{"embeddable":true,"href":"https:\/\/fureverbycsanyi.hu\/en\/wp-json\/wp\/v2\/media\/8725"}],"wp:attachment":[{"href":"https:\/\/fureverbycsanyi.hu\/en\/wp-json\/wp\/v2\/media?parent=8843"}],"wp:term":[{"taxonomy":"product_brand","embeddable":true,"href":"https:\/\/fureverbycsanyi.hu\/en\/wp-json\/wp\/v2\/product_brand?post=8843"},{"taxonomy":"product_cat","embeddable":true,"href":"https:\/\/fureverbycsanyi.hu\/en\/wp-json\/wp\/v2\/product_cat?post=8843"},{"taxonomy":"product_tag","embeddable":true,"href":"https:\/\/fureverbycsanyi.hu\/en\/wp-json\/wp\/v2\/product_tag?post=8843"}],"curies":[{"name":"wp","href":"https:\/\/api.w.org\/{rel}","templated":true}]}}