{"id":8835,"date":"2025-11-24T22:03:31","date_gmt":"2025-11-24T21:03:31","guid":{"rendered":"https:\/\/fureverbycsanyi.hu\/?post_type=product&#038;p=8835"},"modified":"2025-11-25T10:10:37","modified_gmt":"2025-11-25T09:10:37","slug":"kerek-nyaku-roka-melleny","status":"publish","type":"product","link":"https:\/\/fureverbycsanyi.hu\/en\/termek\/kerek-nyaku-roka-melleny\/","title":{"rendered":"Kerek nyak\u00fa r\u00f3ka mell\u00e9ny"},"content":{"rendered":"","protected":false},"excerpt":{"rendered":"<p>Alkalmi, kerek nyak\u00fa mell\u00e9ny. R\u00f3ka sz\u0151rb\u0151l k\u00e9sz\u00fclt, \u00e1tl\u00f3s mint\u00e1zat\u00fa. K\u00e9t oldals\u00f3 zseb \u00e9s rejtett z\u00e1r\u00f3d\u00e1s.<\/p>\n<p>A fot\u00f3kon l\u00e1that\u00f3 sz\u00ednek: vil\u00e1gosk\u00e9k r\u00f3ka.<br \/>\nA modell 38-as m\u00e9retet visel.<\/p>\n<p>R\u00c9SZLETEK:<br \/>\n\u2013 K\u00e9t oldals\u00f3 zseb<br \/>\n\u2013 Rejtett z\u00e1r\u00f3d\u00e1s kamp\u00f3kkal<br \/>\n\u2013 Hossz\u00fas\u00e1g: 89 cm<br \/>\n\u2013 Ton\u00e1lis b\u00e9l\u00e9s<\/p>","protected":false},"featured_media":8713,"comment_status":"closed","ping_status":"closed","template":"","meta":[],"product_brand":[],"product_cat":[39,38,164],"product_tag":[],"class_list":{"0":"post-8835","1":"product","2":"type-product","3":"status-publish","4":"has-post-thumbnail","6":"product_cat-mellenyek","7":"product_cat-noi","8":"product_cat-ujdonsagok","10":"first","11":"onbackorder","12":"shipping-taxable","13":"purchasable","14":"product-type-variable","15":"has-default-attributes"},"_links":{"self":[{"href":"https:\/\/fureverbycsanyi.hu\/en\/wp-json\/wp\/v2\/product\/8835","targetHints":{"allow":["GET"]}}],"collection":[{"href":"https:\/\/fureverbycsanyi.hu\/en\/wp-json\/wp\/v2\/product"}],"about":[{"href":"https:\/\/fureverbycsanyi.hu\/en\/wp-json\/wp\/v2\/types\/product"}],"replies":[{"embeddable":true,"href":"https:\/\/fureverbycsanyi.hu\/en\/wp-json\/wp\/v2\/comments?post=8835"}],"wp:featuredmedia":[{"embeddable":true,"href":"https:\/\/fureverbycsanyi.hu\/en\/wp-json\/wp\/v2\/media\/8713"}],"wp:attachment":[{"href":"https:\/\/fureverbycsanyi.hu\/en\/wp-json\/wp\/v2\/media?parent=8835"}],"wp:term":[{"taxonomy":"product_brand","embeddable":true,"href":"https:\/\/fureverbycsanyi.hu\/en\/wp-json\/wp\/v2\/product_brand?post=8835"},{"taxonomy":"product_cat","embeddable":true,"href":"https:\/\/fureverbycsanyi.hu\/en\/wp-json\/wp\/v2\/product_cat?post=8835"},{"taxonomy":"product_tag","embeddable":true,"href":"https:\/\/fureverbycsanyi.hu\/en\/wp-json\/wp\/v2\/product_tag?post=8835"}],"curies":[{"name":"wp","href":"https:\/\/api.w.org\/{rel}","templated":true}]}}