{"id":8833,"date":"2025-11-24T22:00:26","date_gmt":"2025-11-24T21:00:26","guid":{"rendered":"https:\/\/fureverbycsanyi.hu\/?post_type=product&#038;p=8833"},"modified":"2025-11-25T10:12:46","modified_gmt":"2025-11-25T09:12:46","slug":"kapucnis-rovid-rokabunda-bor-reszletekkel","status":"publish","type":"product","link":"https:\/\/fureverbycsanyi.hu\/en\/termek\/kapucnis-rovid-rokabunda-bor-reszletekkel\/","title":{"rendered":"Kapucnis r\u00f6vid r\u00f3kabunda b\u0151r r\u00e9szletekkel"},"content":{"rendered":"","protected":false},"excerpt":{"rendered":"<p>Eleg\u00e1ns, r\u00f6vid kapucnis kab\u00e1t, \u00e1tl\u00f3san megmunk\u00e1lt r\u00f3ka pr\u00e9mb\u0151l, t\u00f3nusban megegyez\u0151 b\u0151rbet\u00e9tekkel d\u00edsz\u00edtve.<\/p>\n<p>A fot\u00f3kon l\u00e1that\u00f3 sz\u00ednek: Peonia Fox.<br \/>\nA modell 38-as m\u00e9retet visel.<\/p>\n<p>R\u00c9SZLETEK:<br \/>\n\u2013 K\u00e9t oldals\u00f3 zseb<br \/>\n\u2013 Cipz\u00e1ros z\u00e1r\u00f3d\u00e1s dupla cs\u00faszk\u00e1val<br \/>\n\u2013 Hossz\u00fas\u00e1g: 89 cm<br \/>\n\u2013 T\u00f3nusban megegyez\u0151 b\u00e9l\u00e9s<\/p>","protected":false},"featured_media":8709,"comment_status":"closed","ping_status":"closed","template":"","meta":[],"product_brand":[],"product_cat":[67,38,164],"product_tag":[],"class_list":{"0":"post-8833","1":"product","2":"type-product","3":"status-publish","4":"has-post-thumbnail","6":"product_cat-kabatok","7":"product_cat-noi","8":"product_cat-ujdonsagok","10":"first","11":"onbackorder","12":"shipping-taxable","13":"purchasable","14":"product-type-variable","15":"has-default-attributes"},"_links":{"self":[{"href":"https:\/\/fureverbycsanyi.hu\/en\/wp-json\/wp\/v2\/product\/8833","targetHints":{"allow":["GET"]}}],"collection":[{"href":"https:\/\/fureverbycsanyi.hu\/en\/wp-json\/wp\/v2\/product"}],"about":[{"href":"https:\/\/fureverbycsanyi.hu\/en\/wp-json\/wp\/v2\/types\/product"}],"replies":[{"embeddable":true,"href":"https:\/\/fureverbycsanyi.hu\/en\/wp-json\/wp\/v2\/comments?post=8833"}],"wp:featuredmedia":[{"embeddable":true,"href":"https:\/\/fureverbycsanyi.hu\/en\/wp-json\/wp\/v2\/media\/8709"}],"wp:attachment":[{"href":"https:\/\/fureverbycsanyi.hu\/en\/wp-json\/wp\/v2\/media?parent=8833"}],"wp:term":[{"taxonomy":"product_brand","embeddable":true,"href":"https:\/\/fureverbycsanyi.hu\/en\/wp-json\/wp\/v2\/product_brand?post=8833"},{"taxonomy":"product_cat","embeddable":true,"href":"https:\/\/fureverbycsanyi.hu\/en\/wp-json\/wp\/v2\/product_cat?post=8833"},{"taxonomy":"product_tag","embeddable":true,"href":"https:\/\/fureverbycsanyi.hu\/en\/wp-json\/wp\/v2\/product_tag?post=8833"}],"curies":[{"name":"wp","href":"https:\/\/api.w.org\/{rel}","templated":true}]}}