{"id":8829,"date":"2025-11-24T21:52:32","date_gmt":"2025-11-24T20:52:32","guid":{"rendered":"https:\/\/fureverbycsanyi.hu\/?post_type=product&#038;p=8829"},"modified":"2025-11-24T21:54:43","modified_gmt":"2025-11-24T20:54:43","slug":"kapucnis-rovid-roka-melleny","status":"publish","type":"product","link":"https:\/\/fureverbycsanyi.hu\/en\/termek\/kapucnis-rovid-roka-melleny\/","title":{"rendered":"Kapucnis r\u00f6vid r\u00f3ka mell\u00e9ny"},"content":{"rendered":"","protected":false},"excerpt":{"rendered":"<p>Eleg\u00e1ns, kapucnis r\u00f6vid mell\u00e9ny. Term\u00e9szetes r\u00f3ka pr\u00e9mb\u0151l k\u00e9sz\u00fclt, \u00e1tl\u00f3san dolgozva. B\u00e9zs b\u0151rbet\u00e9tekkel d\u00edsz\u00edtve. Cipz\u00e1rral z\u00e1rhat\u00f3, dupla cs\u00faszk\u00e1val \u00e9s oldals\u00f3 zsebekkel.<\/p>\n<p>A fot\u00f3kon l\u00e1that\u00f3 sz\u00ednek: Lapos Fox.<br \/>\nA modell 38-as m\u00e9retet visel.<\/p>\n<p>R\u00c9SZLETEK:<br \/>\n\u2013 K\u00e9t oldals\u00f3 zseb<br \/>\n\u2013 Cipz\u00e1r dupla cs\u00faszk\u00e1val<br \/>\n\u2013 Hossz\u00fas\u00e1g 55 cm<br \/>\n\u2013 Ton\u00e1lis b\u00e9l\u00e9s<\/p>","protected":false},"featured_media":8701,"comment_status":"closed","ping_status":"closed","template":"","meta":[],"product_brand":[],"product_cat":[39,163,38,164],"product_tag":[],"class_list":{"0":"post-8829","1":"product","2":"type-product","3":"status-publish","4":"has-post-thumbnail","6":"product_cat-mellenyek","7":"product_cat-nepszeru-termekek","8":"product_cat-noi","9":"product_cat-ujdonsagok","11":"first","12":"onbackorder","13":"shipping-taxable","14":"purchasable","15":"product-type-variable","16":"has-default-attributes"},"_links":{"self":[{"href":"https:\/\/fureverbycsanyi.hu\/en\/wp-json\/wp\/v2\/product\/8829","targetHints":{"allow":["GET"]}}],"collection":[{"href":"https:\/\/fureverbycsanyi.hu\/en\/wp-json\/wp\/v2\/product"}],"about":[{"href":"https:\/\/fureverbycsanyi.hu\/en\/wp-json\/wp\/v2\/types\/product"}],"replies":[{"embeddable":true,"href":"https:\/\/fureverbycsanyi.hu\/en\/wp-json\/wp\/v2\/comments?post=8829"}],"wp:featuredmedia":[{"embeddable":true,"href":"https:\/\/fureverbycsanyi.hu\/en\/wp-json\/wp\/v2\/media\/8701"}],"wp:attachment":[{"href":"https:\/\/fureverbycsanyi.hu\/en\/wp-json\/wp\/v2\/media?parent=8829"}],"wp:term":[{"taxonomy":"product_brand","embeddable":true,"href":"https:\/\/fureverbycsanyi.hu\/en\/wp-json\/wp\/v2\/product_brand?post=8829"},{"taxonomy":"product_cat","embeddable":true,"href":"https:\/\/fureverbycsanyi.hu\/en\/wp-json\/wp\/v2\/product_cat?post=8829"},{"taxonomy":"product_tag","embeddable":true,"href":"https:\/\/fureverbycsanyi.hu\/en\/wp-json\/wp\/v2\/product_tag?post=8829"}],"curies":[{"name":"wp","href":"https:\/\/api.w.org\/{rel}","templated":true}]}}