{"id":8814,"date":"2025-11-24T21:18:07","date_gmt":"2025-11-24T20:18:07","guid":{"rendered":"https:\/\/fureverbycsanyi.hu\/?post_type=product&#038;p=8814"},"modified":"2025-11-24T21:24:48","modified_gmt":"2025-11-24T20:24:48","slug":"tollazott-roka-bolero","status":"publish","type":"product","link":"https:\/\/fureverbycsanyi.hu\/en\/termek\/tollazott-roka-bolero\/","title":{"rendered":"Tollazott r\u00f3ka boler\u00f3"},"content":{"rendered":"","protected":false},"excerpt":{"rendered":"<p>A term\u00e9szetes Shadow Fox sz\u0151rmeb\u0151l k\u00e9sz\u00fclt, finoman kidolgozott bolero st\u00edlus\u00fa kab\u00e1t kifinomult eleganci\u00e1t sug\u00e1roz. A puha, terjedelmes sz\u0151rme el\u0151oldal\u00e1n n\u0151ies selyemszalaggal z\u00e1r\u00f3dik, ami kifinomults\u00e1got \u00e9s b\u00e1jt k\u00f6lcs\u00f6n\u00f6z neki. R\u00f6vid\u00edtett szab\u00e1s\u00e1val \u00e9s luxus text\u00far\u00e1j\u00e1val ez a darab t\u00f6k\u00e9letes v\u00e1laszt\u00e1s est\u00e9lyi ruh\u00e1khoz vagy k\u00fcl\u00f6nleges alkalmakra.<\/p>\n<p>A modell 38-as m\u00e9retet visel.<\/p>\n<p>\u2013 Selyemszalaggal z\u00e1rhat\u00f3<br \/>\n\u2013 Hossz\u00fas\u00e1g 50 cm<br \/>\n\u2013 Tone-on-tone b\u00e9l\u00e9s<\/p>\n<p>&nbsp;<\/p>","protected":false},"featured_media":8681,"comment_status":"closed","ping_status":"closed","template":"","meta":[],"product_brand":[],"product_cat":[67,163,38,215],"product_tag":[],"class_list":{"0":"post-8814","1":"product","2":"type-product","3":"status-publish","4":"has-post-thumbnail","6":"product_cat-kabatok","7":"product_cat-nepszeru-termekek","8":"product_cat-noi","9":"product_cat-uj-kollekcio","11":"first","12":"onbackorder","13":"shipping-taxable","14":"purchasable","15":"product-type-variable","16":"has-default-attributes"},"_links":{"self":[{"href":"https:\/\/fureverbycsanyi.hu\/en\/wp-json\/wp\/v2\/product\/8814","targetHints":{"allow":["GET"]}}],"collection":[{"href":"https:\/\/fureverbycsanyi.hu\/en\/wp-json\/wp\/v2\/product"}],"about":[{"href":"https:\/\/fureverbycsanyi.hu\/en\/wp-json\/wp\/v2\/types\/product"}],"replies":[{"embeddable":true,"href":"https:\/\/fureverbycsanyi.hu\/en\/wp-json\/wp\/v2\/comments?post=8814"}],"wp:featuredmedia":[{"embeddable":true,"href":"https:\/\/fureverbycsanyi.hu\/en\/wp-json\/wp\/v2\/media\/8681"}],"wp:attachment":[{"href":"https:\/\/fureverbycsanyi.hu\/en\/wp-json\/wp\/v2\/media?parent=8814"}],"wp:term":[{"taxonomy":"product_brand","embeddable":true,"href":"https:\/\/fureverbycsanyi.hu\/en\/wp-json\/wp\/v2\/product_brand?post=8814"},{"taxonomy":"product_cat","embeddable":true,"href":"https:\/\/fureverbycsanyi.hu\/en\/wp-json\/wp\/v2\/product_cat?post=8814"},{"taxonomy":"product_tag","embeddable":true,"href":"https:\/\/fureverbycsanyi.hu\/en\/wp-json\/wp\/v2\/product_tag?post=8814"}],"curies":[{"name":"wp","href":"https:\/\/api.w.org\/{rel}","templated":true}]}}