{"id":8603,"date":"2025-09-10T12:28:49","date_gmt":"2025-09-10T10:28:49","guid":{"rendered":"https:\/\/fureverbycsanyi.hu\/?page_id=8603"},"modified":"2025-09-10T15:48:05","modified_gmt":"2025-09-10T13:48:05","slug":"shop-teszt","status":"publish","type":"page","link":"https:\/\/fureverbycsanyi.hu\/en\/shop-teszt\/","title":{"rendered":"shop-teszt"},"content":{"rendered":"<div data-elementor-type=\"wp-page\" data-elementor-id=\"8603\" class=\"elementor elementor-8603\" data-elementor-post-type=\"page\">\n\t\t\t\t<div class=\"elementor-element elementor-element-97a2c19 e-flex e-con-boxed kitify-col-width-auto-no ignore-docs-style-no kitify-disable-relative-no e-root-container elementor-top-section e-con e-parent\" data-id=\"97a2c19\" data-element_type=\"container\" data-e-type=\"container\">\n\t\t\t\t\t<div class=\"e-con-inner\">\n\t\t\t\t<div class=\"elementor-element elementor-element-268772a elementor-widget elementor-widget-jet-woo-products\" data-id=\"268772a\" data-element_type=\"widget\" data-e-type=\"widget\" data-settings=\"{&quot;show_quantity&quot;:&quot;yes&quot;,&quot;columns&quot;:4}\" data-widget_type=\"jet-woo-products.default\">\n\t\t\t\t<div class=\"elementor-widget-container\">\n\t\t\t\t\t<div class=\"elementor-jet-woo-products jet-woo-builder\"><div class=\"jet-woo-products jet-woo-products--preset-7 col-row\" data-mobile-hover=\"\" >\n<div class=\"jet-woo-products__item jet-woo-builder-product\" data-product-id=\"8889\">\n\t<div class=\"jet-woo-products__inner-box\"  >\n\t\t\n<div class=\"jet-woo-products__thumb-wrap\">\n\t\n<div class=\"jet-woo-product-thumbnail\">\n\t\n\t<img fetchpriority=\"high\" decoding=\"async\" width=\"533\" height=\"756\" src=\"https:\/\/fureverbycsanyi.hu\/wp-content\/uploads\/2025\/11\/Kepernyofoto-2025-11-24-21.07.42.png\" class=\"attachment-medium_large size-medium_large\" alt=\"\" \/>\n\t<div class=\"jet-woo-product-img-overlay\"><\/div>\n\n\t\n\t<\/div><\/div>\n\n<div class=\"jet-woo-products-cqw-wrapper\">\n\t<\/div>\n\n<div class=\"jet-woo-products__item-content\">\n\t<h5 class=\"jet-woo-product-title\"><a href=\"https:\/\/fureverbycsanyi.hu\/en\/termek\/elegans-kornyaku-nerckabat-3\/\">ELEG\u00c1NS, K\u00d6RNYAK\u00da NERCKAB\u00c1T<\/a><\/h5>\n<div class=\"jet-woo-product-price\">\n\t<span class=\"price\"><ins><span class=\"woocommerce-Price-amount amount\"><bdi>894 000&nbsp;<span class=\"woocommerce-Price-currencySymbol\">&#070;&#116;<\/span><\/bdi><\/span><\/ins><\/span>\n<\/div>\n\t<div class=\"hovered-content\">\n\t\t\n<div class=\"jet-woo-product-button is--default\">\n\t<a href=\"https:\/\/fureverbycsanyi.hu\/en\/termek\/elegans-kornyaku-nerckabat-3\/\" data-quantity=\"1\" class=\"button product_type_variable add_to_cart_button\" data-product_id=\"8889\" data-product_sku=\"7377-1-1\" aria-label=\"Choose from &quot;ELEG\u00c1NS, K\u00d6RNYAK\u00da NERCKAB\u00c1T&quot; options\" rel=\"nofollow\" data-no-translation-aria-label=\"\"><span class=\"text\" data-no-translation=\"\" data-trp-gettext=\"\">Choosing options<\/span><\/a>\t<span id=\"woocommerce_loop_add_to_cart_link_describedby_8889\" class=\"screen-reader-text\">\n\t\tEnnek a term\u00e9knek t\u00f6bb vari\u00e1ci\u00f3ja van. A v\u00e1ltozatok a term\u00e9koldalon v\u00e1laszthat\u00f3k ki\t<\/span>\n<\/div>\t<\/div>\n<\/div>\t<\/div>\n\n\t<\/div>\n<div class=\"jet-woo-products__item jet-woo-builder-product\" data-product-id=\"8886\">\n\t<div class=\"jet-woo-products__inner-box\"  >\n\t\t\n<div class=\"jet-woo-products__thumb-wrap\">\n\t\n<div class=\"jet-woo-product-thumbnail\">\n\t\n\t<img decoding=\"async\" width=\"533\" height=\"748\" src=\"https:\/\/fureverbycsanyi.hu\/wp-content\/uploads\/2025\/11\/Kepernyofoto-2025-11-24-21.07.28.png\" class=\"attachment-medium_large size-medium_large\" alt=\"\" \/>\n\t<div class=\"jet-woo-product-img-overlay\"><\/div>\n\n\t\n\t<\/div><\/div>\n\n<div class=\"jet-woo-products-cqw-wrapper\">\n\t<\/div>\n\n<div class=\"jet-woo-products__item-content\">\n\t<h5 class=\"jet-woo-product-title\"><a href=\"https:\/\/fureverbycsanyi.hu\/en\/termek\/elegans-kornyaku-nerckabat-2\/\">ELEG\u00c1NS, K\u00d6RNYAK\u00da NERCKAB\u00c1T<\/a><\/h5>\n<div class=\"jet-woo-product-price\">\n\t<span class=\"price\"><ins><span class=\"woocommerce-Price-amount amount\"><bdi>894 000&nbsp;<span class=\"woocommerce-Price-currencySymbol\">&#070;&#116;<\/span><\/bdi><\/span><\/ins><\/span>\n<\/div>\n\t<div class=\"hovered-content\">\n\t\t\n<div class=\"jet-woo-product-button is--default\">\n\t<a href=\"https:\/\/fureverbycsanyi.hu\/en\/termek\/elegans-kornyaku-nerckabat-2\/\" data-quantity=\"1\" class=\"button product_type_variable add_to_cart_button\" data-product_id=\"8886\" data-product_sku=\"7377-1\" aria-label=\"Choose from &quot;ELEG\u00c1NS, K\u00d6RNYAK\u00da NERCKAB\u00c1T&quot; options\" rel=\"nofollow\" data-no-translation-aria-label=\"\"><span class=\"text\" data-no-translation=\"\" data-trp-gettext=\"\">Choosing options<\/span><\/a>\t<span id=\"woocommerce_loop_add_to_cart_link_describedby_8886\" class=\"screen-reader-text\">\n\t\tEnnek a term\u00e9knek t\u00f6bb vari\u00e1ci\u00f3ja van. A v\u00e1ltozatok a term\u00e9koldalon v\u00e1laszthat\u00f3k ki\t<\/span>\n<\/div>\t<\/div>\n<\/div>\t<\/div>\n\n\t<\/div>\n<div class=\"jet-woo-products__item jet-woo-builder-product\" data-product-id=\"8884\">\n\t<div class=\"jet-woo-products__inner-box\"  >\n\t\t\n<div class=\"jet-woo-products__thumb-wrap\">\n\t\n<div class=\"jet-woo-product-thumbnail\">\n\t\n\t<img decoding=\"async\" width=\"533\" height=\"744\" src=\"https:\/\/fureverbycsanyi.hu\/wp-content\/uploads\/2025\/11\/Kepernyofoto-2025-11-24-21.07.14.png\" class=\"attachment-medium_large size-medium_large\" alt=\"\" \/>\n\t<div class=\"jet-woo-product-img-overlay\"><\/div>\n\n\t\n\t<\/div><\/div>\n\n<div class=\"jet-woo-products-cqw-wrapper\">\n\t<\/div>\n\n<div class=\"jet-woo-products__item-content\">\n\t<h5 class=\"jet-woo-product-title\"><a href=\"https:\/\/fureverbycsanyi.hu\/en\/termek\/elegans-kornyaku-nerckabat\/\">ELEG\u00c1NS, K\u00d6RNYAK\u00da NERCKAB\u00c1T<\/a><\/h5>\n<div class=\"jet-woo-product-price\">\n\t<span class=\"price\"><ins><span class=\"woocommerce-Price-amount amount\"><bdi>894 000&nbsp;<span class=\"woocommerce-Price-currencySymbol\">&#070;&#116;<\/span><\/bdi><\/span><\/ins><\/span>\n<\/div>\n\t<div class=\"hovered-content\">\n\t\t\n<div class=\"jet-woo-product-button is--default\">\n\t<a href=\"https:\/\/fureverbycsanyi.hu\/en\/termek\/elegans-kornyaku-nerckabat\/\" data-quantity=\"1\" class=\"button product_type_variable add_to_cart_button\" data-product_id=\"8884\" data-product_sku=\"7377\" aria-label=\"Choose from &quot;ELEG\u00c1NS, K\u00d6RNYAK\u00da NERCKAB\u00c1T&quot; options\" rel=\"nofollow\" data-no-translation-aria-label=\"\"><span class=\"text\" data-no-translation=\"\" data-trp-gettext=\"\">Choosing options<\/span><\/a>\t<span id=\"woocommerce_loop_add_to_cart_link_describedby_8884\" class=\"screen-reader-text\">\n\t\tEnnek a term\u00e9knek t\u00f6bb vari\u00e1ci\u00f3ja van. A v\u00e1ltozatok a term\u00e9koldalon v\u00e1laszthat\u00f3k ki\t<\/span>\n<\/div>\t<\/div>\n<\/div>\t<\/div>\n\n\t<\/div>\n<div class=\"jet-woo-products__item jet-woo-builder-product\" data-product-id=\"8882\">\n\t<div class=\"jet-woo-products__inner-box\"  >\n\t\t\n<div class=\"jet-woo-products__thumb-wrap\">\n\t\n<div class=\"jet-woo-product-thumbnail\">\n\t\n\t<img loading=\"lazy\" decoding=\"async\" width=\"533\" height=\"744\" src=\"https:\/\/fureverbycsanyi.hu\/wp-content\/uploads\/2025\/11\/Kepernyofoto-2025-11-24-21.06.14.png\" class=\"attachment-medium_large size-medium_large\" alt=\"\" \/>\n\t<div class=\"jet-woo-product-img-overlay\"><\/div>\n\n\t\n\t<\/div><\/div>\n\n<div class=\"jet-woo-products-cqw-wrapper\">\n\t<\/div>\n\n<div class=\"jet-woo-products__item-content\">\n\t<h5 class=\"jet-woo-product-title\"><a href=\"https:\/\/fureverbycsanyi.hu\/en\/termek\/kapucnis-parka-kabat-nyirt-nercbol-3\/\">Kapucnis parka kab\u00e1t ny\u00edrt nercb\u0151l<\/a><\/h5>\n<div class=\"jet-woo-product-price\">\n\t<span class=\"price\"><ins><span class=\"woocommerce-Price-amount amount\"><bdi>1 622 000&nbsp;<span class=\"woocommerce-Price-currencySymbol\">&#070;&#116;<\/span><\/bdi><\/span><\/ins><\/span>\n<\/div>\n\t<div class=\"hovered-content\">\n\t\t\n<div class=\"jet-woo-product-button is--default\">\n\t<a href=\"https:\/\/fureverbycsanyi.hu\/en\/termek\/kapucnis-parka-kabat-nyirt-nercbol-3\/\" data-quantity=\"1\" class=\"button product_type_variable add_to_cart_button\" data-product_id=\"8882\" data-product_sku=\"4791-1-1\" aria-label=\"Choose from &quot;Kapucnis parka kab\u00e1t ny\u00edrt nercb\u0151l&quot; options\" rel=\"nofollow\" data-no-translation-aria-label=\"\"><span class=\"text\" data-no-translation=\"\" data-trp-gettext=\"\">Choosing options<\/span><\/a>\t<span id=\"woocommerce_loop_add_to_cart_link_describedby_8882\" class=\"screen-reader-text\">\n\t\tEnnek a term\u00e9knek t\u00f6bb vari\u00e1ci\u00f3ja van. A v\u00e1ltozatok a term\u00e9koldalon v\u00e1laszthat\u00f3k ki\t<\/span>\n<\/div>\t<\/div>\n<\/div>\t<\/div>\n\n\t<\/div><\/div>\n<\/div>\t\t\t\t<\/div>\n\t\t\t\t<\/div>\n\t\t\t\t\t<\/div>\n\t\t\t\t<\/div>\n\t\t\t\t<\/div>","protected":false},"excerpt":{"rendered":"<p>Tollazott r\u00f3ka bunda 790 000&nbsp;&#070;&#116; Opci\u00f3k v\u00e1laszt\u00e1sa Ennek a term\u00e9knek t\u00f6bb vari\u00e1ci\u00f3ja van. A v\u00e1ltozatok a term\u00e9koldalon v\u00e1laszthat\u00f3k ki Nerc kab\u00e1t zaf\u00edr sz\u00ednben 1 750 000&nbsp;&#070;&#116; Opci\u00f3k v\u00e1laszt\u00e1sa Ennek a term\u00e9knek t\u00f6bb vari\u00e1ci\u00f3ja van. A v\u00e1ltozatok a term\u00e9koldalon v\u00e1laszthat\u00f3k ki Nerc \u00e9s lynx luxus bunda feh\u00e9r-nat\u00far sz\u00ednben 1 490 000&nbsp;&#070;&#116; Opci\u00f3k v\u00e1laszt\u00e1sa Ennek a term\u00e9knek t\u00f6bb vari\u00e1ci\u00f3ja van. A v\u00e1ltozatok\u2026<\/p>","protected":false},"author":1,"featured_media":0,"parent":0,"menu_order":0,"comment_status":"closed","ping_status":"closed","template":"","meta":{"footnotes":""},"class_list":["post-8603","page","type-page","status-publish","hentry"],"_links":{"self":[{"href":"https:\/\/fureverbycsanyi.hu\/en\/wp-json\/wp\/v2\/pages\/8603","targetHints":{"allow":["GET"]}}],"collection":[{"href":"https:\/\/fureverbycsanyi.hu\/en\/wp-json\/wp\/v2\/pages"}],"about":[{"href":"https:\/\/fureverbycsanyi.hu\/en\/wp-json\/wp\/v2\/types\/page"}],"author":[{"embeddable":true,"href":"https:\/\/fureverbycsanyi.hu\/en\/wp-json\/wp\/v2\/users\/1"}],"replies":[{"embeddable":true,"href":"https:\/\/fureverbycsanyi.hu\/en\/wp-json\/wp\/v2\/comments?post=8603"}],"version-history":[{"count":10,"href":"https:\/\/fureverbycsanyi.hu\/en\/wp-json\/wp\/v2\/pages\/8603\/revisions"}],"predecessor-version":[{"id":8624,"href":"https:\/\/fureverbycsanyi.hu\/en\/wp-json\/wp\/v2\/pages\/8603\/revisions\/8624"}],"wp:attachment":[{"href":"https:\/\/fureverbycsanyi.hu\/en\/wp-json\/wp\/v2\/media?parent=8603"}],"curies":[{"name":"wp","href":"https:\/\/api.w.org\/{rel}","templated":true}]}}